{"id":17,"date":"2024-02-09T10:35:40","date_gmt":"2024-02-09T10:35:40","guid":{"rendered":"https:\/\/2024.doktagung.de\/?page_id=17"},"modified":"2024-02-09T10:35:40","modified_gmt":"2024-02-09T10:35:40","slug":"call-for-papers","status":"publish","type":"page","link":"https:\/\/2024.doktagung.de\/index.php\/call-for-papers\/","title":{"rendered":"Call for Papers"},"content":{"rendered":"\n<p><strong>Alles interdisziplin\u00e4r? <\/strong><strong>Empirisch-kulturwissenschaftliches Arbeiten zwischen Offenheit und Selbstverortung<\/strong><\/p>\n\n\n\n<p>Call for Papers zur 18. DGEKW-Doktorand:innentagung am 05.-06.07.2024 an der Universit\u00e4t Vechta<\/p>\n\n\n\n<p>Unsere Forschungslandschaft wird interdisziplin\u00e4rer. Komplexe Fragestellungen gilt es, mit den vereinten Kompetenzen unterschiedlicher Wissenschaftsdisziplinen zu bearbeiten. Auch als Empirische Kulturwissenschaftler:innen finden wir uns immer \u00f6fter in Arbeitskontexten wieder, die eine kooperative Zusammenarbeit mit Kolleg:innen aus den verschiedensten fachlichen Hintergr\u00fcnden erfordern.<\/p>\n\n\n\n<p>Eine grundlegende Vielseitigkeit scheint unserem Fach bereits immanent;&nbsp;unser Themenspektrum ist breit und grenzt nicht selten an Bereiche, die f\u00fcr den au\u00dfenstehenden Blick zun\u00e4chst nicht \u201eklassisch kulturwissenschaftlich\u201c erscheinen m\u00f6gen. Dies bedingt wiederum unseren Methodenpool, der sich von gegenwartsbezogen und ethnografisch zu historisch und archivarisch-quellenbasiert erstreckt und zuweilen eine starke N\u00e4he zu verwandten Wissenschaftsdisziplinen aufweist. In der durch Drittmittelprojekte gepr\u00e4gten Forschungs- und Promotionslandschaft werden interdisziplin\u00e4re Zusammenarbeiten noch einmal anders wichtig, da sie in Projekten vorgegeben und konkrete gemeinsame Ergebnisse erwartet werden. Nicht immer ist das einfach, oft sind langwierige Verst\u00e4ndigungsprozesse notwendig, die zu Lasten der eigenen Forschungszeit gehen k\u00f6nnen. Durch das BA- und MA-System werden au\u00dferdem wir selbst zunehmend interdisziplin\u00e4r, nicht wenige von uns haben neben einem Studienabschluss in der EKW\/EE\/KA auch eine weitere Perspektive gelernt.<\/p>\n\n\n\n<p>Was bedeutet die Interdisziplinarit\u00e4t also f\u00fcr uns als Forschende? Gewohnte Gefilde, da unser Fach die thematische wie methodische Offenheit bereits mit sich bringt? Oder ist die harmonische Kooperation unterschiedlicher Disziplinen doch eher eine Wissenschaftsutopie? Welche H\u00fcrden begegnen uns in interdisziplin\u00e4ren Kontexten? Was m\u00fcssen wir beachten, wenn wir uns in interdisziplin\u00e4re Felder begeben? Wie gestalten wir unsere Dissertationen zwischen Disziplinarit\u00e4t und Interdisziplinarit\u00e4t? Wie kann Zusammenarbeit funktionieren, ohne den eigenen fachlichen Standpunkt aufzugeben \u2013 und was tun wir, wenn sie scheitert?<\/p>\n\n\n\n<p>Gemeinsam mit Euch m\u00f6chten wir im Rahmen der 18. DGEKW-Doktorand:innentagung dar\u00fcber diskutieren, welche Herausforderungen uns in erstarkenden interdisziplin\u00e4ren Kontexten begegnen, wie mit diesen umgegangen werden kann und wie diese Erfahrungen fruchtbar f\u00fcr die eigene Arbeit gemacht werden k\u00f6nnen.&nbsp;<\/p>\n\n\n\n<p>Beitr\u00e4ge<\/p>\n\n\n\n<p>Wir freuen uns auf Berichte aus Euren Dissertationsprojekten, die ihr nach euren Vorstellungen gestalten k\u00f6nnt. Interdisziplinarit\u00e4t kann hier auf jeder Ebene eine Rolle spielen, daher interessieren uns thematische, methodologische, konzeptionelle Beitr\u00e4ge ebenso wie Berichte zu Erfahrungen, zu Arbeitskontexten, zu Problemen oder Herausforderungen. Vortr\u00e4ge, Diskussionsrunden, Workshops und andere Formate sind gleicherma\u00dfen willkommen!<\/p>\n\n\n\n<p>Sendet Eure Vorschl\u00e4ge f\u00fcr Beitr\u00e4ge (ca. 300 W\u00f6rter) zusammen mit einem Kurz-CV bis zum <strong>31.03.2024<\/strong> an <strong><a href=\"mailto:doktagung24@tutanota.de\" target=\"_blank\" rel=\"noreferrer noopener\">doktagung24@tutanota.de<\/a><\/strong>.<\/p>\n\n\n\n<p>Wir freuen uns auf Euch!<\/p>\n\n\n\n<p>Die Organisator:innen der 18. DGEKW-Doktorand:innentagung<\/p>\n\n\n\n<p>Lucia Sunder-Plassmann, Nicolas Dittgen, Sabina Mollenhauer, Sina Rieken und Marie&nbsp;Scheffler<\/p>\n","protected":false},"excerpt":{"rendered":"<p>Alles interdisziplin\u00e4r? Empirisch-kulturwissenschaftliches Arbeiten zwischen Offenheit und Selbstverortung Call for Papers zur 18. DGEKW-Doktorand:innentagung am 05.-06.07.2024 an der Universit\u00e4t Vechta Unsere Forschungslandschaft wird interdisziplin\u00e4rer. Komplexe Fragestellungen gilt es, mit den vereinten Kompetenzen unterschiedlicher Wissenschaftsdisziplinen zu bearbeiten. Auch als Empirische Kulturwissenschaftler:innen finden wir uns immer \u00f6fter in Arbeitskontexten wieder, die eine kooperative Zusammenarbeit mit Kolleg:innen aus [&hellip;]<\/p>\n","protected":false},"author":2,"featured_media":0,"parent":0,"menu_order":0,"comment_status":"closed","ping_status":"closed","template":"","meta":{"footnotes":""},"class_list":["post-17","page","type-page","status-publish","hentry"],"_links":{"self":[{"href":"https:\/\/2024.doktagung.de\/index.php\/wp-json\/wp\/v2\/pages\/17","targetHints":{"allow":["GET"]}}],"collection":[{"href":"https:\/\/2024.doktagung.de\/index.php\/wp-json\/wp\/v2\/pages"}],"about":[{"href":"https:\/\/2024.doktagung.de\/index.php\/wp-json\/wp\/v2\/types\/page"}],"author":[{"embeddable":true,"href":"https:\/\/2024.doktagung.de\/index.php\/wp-json\/wp\/v2\/users\/2"}],"replies":[{"embeddable":true,"href":"https:\/\/2024.doktagung.de\/index.php\/wp-json\/wp\/v2\/comments?post=17"}],"version-history":[{"count":1,"href":"https:\/\/2024.doktagung.de\/index.php\/wp-json\/wp\/v2\/pages\/17\/revisions"}],"predecessor-version":[{"id":18,"href":"https:\/\/2024.doktagung.de\/index.php\/wp-json\/wp\/v2\/pages\/17\/revisions\/18"}],"wp:attachment":[{"href":"https:\/\/2024.doktagung.de\/index.php\/wp-json\/wp\/v2\/media?parent=17"}],"curies":[{"name":"wp","href":"https:\/\/api.w.org\/{rel}","templated":true}]}}