{"id":20,"date":"2024-02-09T10:38:05","date_gmt":"2024-02-09T10:38:05","guid":{"rendered":"https:\/\/2024.doktagung.de\/?page_id=20"},"modified":"2024-07-05T07:35:19","modified_gmt":"2024-07-05T07:35:19","slug":"anreise","status":"publish","type":"page","link":"https:\/\/2024.doktagung.de\/index.php\/anreise\/","title":{"rendered":"Anreise"},"content":{"rendered":"\n<p>Die 18. Doktorand*innentagung der DEGWK wird 2024 an der <a href=\"https:\/\/www.uni-vechta.de\/kulturwissenschaften\" data-type=\"link\" data-id=\"https:\/\/www.uni-vechta.de\/kulturwissenschaften\">Universit\u00e4t Vechta<\/a> im <strong>Raum R02<\/strong> stattfinden.<\/p>\n\n\n\n<p><a href=\"https:\/\/campusmap.uni-vechta.de\">https:\/\/campusmap.uni-vechta.de<\/a><\/p>\n\n\n\n<figure class=\"wp-block-image size-large is-style-default\"><img loading=\"lazy\" decoding=\"async\" width=\"755\" height=\"1024\" src=\"https:\/\/2024.doktagung.de\/wp-content\/uploads\/2024\/07\/csm_Lageplan_Universitaet_Vechta_3059a7cece-755x1024.jpeg\" alt=\"\" class=\"wp-image-72\" srcset=\"https:\/\/2024.doktagung.de\/wp-content\/uploads\/2024\/07\/csm_Lageplan_Universitaet_Vechta_3059a7cece-755x1024.jpeg 755w, https:\/\/2024.doktagung.de\/wp-content\/uploads\/2024\/07\/csm_Lageplan_Universitaet_Vechta_3059a7cece-221x300.jpeg 221w, https:\/\/2024.doktagung.de\/wp-content\/uploads\/2024\/07\/csm_Lageplan_Universitaet_Vechta_3059a7cece-768x1042.jpeg 768w, https:\/\/2024.doktagung.de\/wp-content\/uploads\/2024\/07\/csm_Lageplan_Universitaet_Vechta_3059a7cece.jpeg 774w\" sizes=\"auto, (max-width: 755px) 100vw, 755px\" \/><\/figure>\n\n\n\n<p><strong>Adresse: <\/strong><a href=\"https:\/\/www.google.com\/maps\/place\/\/data=!4m2!3m1!1s0x47b7485a4da3bccf:0xd8aad4ab1080f4d4?sa=X&amp;ved=2ahUKEwiEzuHRiJ6EAxUMRPEDHelpA3wQ4kB6BAhEEAA\">Driverstra\u00dfe 22, 49377 Vechta<\/a><\/p>\n\n\n\n<p><\/p>\n\n\n\n<p><strong>Mit der Bahn:<\/strong> Z\u00fcge fahren im Stundentakt als RB&nbsp;58 zwischen Vechta und Osnabr\u00fcck sowie Bremen<\/p>\n\n\n\n<p><strong>Mit dem Auto:<\/strong> A1<\/p>\n","protected":false},"excerpt":{"rendered":"<p>Die 18. Doktorand*innentagung der DEGWK wird 2024 an der Universit\u00e4t Vechta im Raum R02 stattfinden. https:\/\/campusmap.uni-vechta.de Adresse: Driverstra\u00dfe 22, 49377 Vechta Mit der Bahn: Z\u00fcge fahren im Stundentakt als RB&nbsp;58 zwischen Vechta und Osnabr\u00fcck sowie Bremen Mit dem Auto: A1<\/p>\n","protected":false},"author":2,"featured_media":0,"parent":0,"menu_order":0,"comment_status":"closed","ping_status":"closed","template":"","meta":{"footnotes":""},"class_list":["post-20","page","type-page","status-publish","hentry"],"_links":{"self":[{"href":"https:\/\/2024.doktagung.de\/index.php\/wp-json\/wp\/v2\/pages\/20","targetHints":{"allow":["GET"]}}],"collection":[{"href":"https:\/\/2024.doktagung.de\/index.php\/wp-json\/wp\/v2\/pages"}],"about":[{"href":"https:\/\/2024.doktagung.de\/index.php\/wp-json\/wp\/v2\/types\/page"}],"author":[{"embeddable":true,"href":"https:\/\/2024.doktagung.de\/index.php\/wp-json\/wp\/v2\/users\/2"}],"replies":[{"embeddable":true,"href":"https:\/\/2024.doktagung.de\/index.php\/wp-json\/wp\/v2\/comments?post=20"}],"version-history":[{"count":7,"href":"https:\/\/2024.doktagung.de\/index.php\/wp-json\/wp\/v2\/pages\/20\/revisions"}],"predecessor-version":[{"id":73,"href":"https:\/\/2024.doktagung.de\/index.php\/wp-json\/wp\/v2\/pages\/20\/revisions\/73"}],"wp:attachment":[{"href":"https:\/\/2024.doktagung.de\/index.php\/wp-json\/wp\/v2\/media?parent=20"}],"curies":[{"name":"wp","href":"https:\/\/api.w.org\/{rel}","templated":true}]}}