{"id":27,"date":"2024-02-09T10:48:57","date_gmt":"2024-02-09T10:48:57","guid":{"rendered":"https:\/\/2024.doktagung.de\/?page_id=27"},"modified":"2024-04-12T07:50:55","modified_gmt":"2024-04-12T07:50:55","slug":"anmeldung","status":"publish","type":"page","link":"https:\/\/2024.doktagung.de\/index.php\/anmeldung\/","title":{"rendered":"Anmeldung"},"content":{"rendered":"\n<p><\/p>\n\n\n\n<p>Wir freuen uns sehr, dass ihr euch f\u00fcr die Teilnahme an der 18. Doktorand*innentagung interessiert.<\/p>\n\n\n\n<p>Ab sofort ist die Anmeldung m\u00f6glich!<\/p>\n\n\n\n<p>Ihr k\u00f6nnt euch per Mail anmelden unter:<strong> <a href=\"mailto:doktagung24@tutanota.de\" target=\"_blank\" rel=\"noreferrer noopener\">doktagung24@tutanota.de<\/a> <\/strong>anmelden.<\/p>\n\n\n\n<p>Ihr bekommt per Mail eine R\u00fcckmeldung von uns mit weiteren Details, wie der Bankverbindung f\u00fcr den Tagungsbeitrag <strong>(i.H.v. 15\u20ac) <\/strong>sowie Informationen zu \u00dcbernachtungsm\u00f6glichkeiten <strong>(Verg\u00fcnstigter Tarif 45\/50\u20ac pro Nacht)<\/strong>. Dies kann einige Tage dauern, da wir alle in unsere Dissertationsprojekte eingebunden sind.<\/p>\n\n\n\n<p><\/p>\n","protected":false},"excerpt":{"rendered":"<p>Wir freuen uns sehr, dass ihr euch f\u00fcr die Teilnahme an der 18. Doktorand*innentagung interessiert. Ab sofort ist die Anmeldung m\u00f6glich! Ihr k\u00f6nnt euch per Mail anmelden unter: doktagung24@tutanota.de anmelden. Ihr bekommt per Mail eine R\u00fcckmeldung von uns mit weiteren Details, wie der Bankverbindung f\u00fcr den Tagungsbeitrag (i.H.v. 15\u20ac) sowie Informationen zu \u00dcbernachtungsm\u00f6glichkeiten (Verg\u00fcnstigter Tarif [&hellip;]<\/p>\n","protected":false},"author":2,"featured_media":0,"parent":0,"menu_order":0,"comment_status":"closed","ping_status":"closed","template":"","meta":{"footnotes":""},"class_list":["post-27","page","type-page","status-publish","hentry"],"_links":{"self":[{"href":"https:\/\/2024.doktagung.de\/index.php\/wp-json\/wp\/v2\/pages\/27","targetHints":{"allow":["GET"]}}],"collection":[{"href":"https:\/\/2024.doktagung.de\/index.php\/wp-json\/wp\/v2\/pages"}],"about":[{"href":"https:\/\/2024.doktagung.de\/index.php\/wp-json\/wp\/v2\/types\/page"}],"author":[{"embeddable":true,"href":"https:\/\/2024.doktagung.de\/index.php\/wp-json\/wp\/v2\/users\/2"}],"replies":[{"embeddable":true,"href":"https:\/\/2024.doktagung.de\/index.php\/wp-json\/wp\/v2\/comments?post=27"}],"version-history":[{"count":7,"href":"https:\/\/2024.doktagung.de\/index.php\/wp-json\/wp\/v2\/pages\/27\/revisions"}],"predecessor-version":[{"id":62,"href":"https:\/\/2024.doktagung.de\/index.php\/wp-json\/wp\/v2\/pages\/27\/revisions\/62"}],"wp:attachment":[{"href":"https:\/\/2024.doktagung.de\/index.php\/wp-json\/wp\/v2\/media?parent=27"}],"curies":[{"name":"wp","href":"https:\/\/api.w.org\/{rel}","templated":true}]}}